{"id":3610,"date":"2024-11-05T17:42:25","date_gmt":"2024-11-05T20:42:25","guid":{"rendered":"https:\/\/oxxy2.com\/pt\/?page_id=3610"},"modified":"2024-11-05T17:52:48","modified_gmt":"2024-11-05T20:52:48","slug":"politica-de-privacidade","status":"publish","type":"page","link":"https:\/\/oxxy2.com\/pt\/politica-de-privacidade\/","title":{"rendered":"Pol\u00edtica de privacidade"},"content":{"rendered":"\t\t<div data-elementor-type=\"wp-page\" data-elementor-id=\"3610\" class=\"elementor elementor-3610\" data-elementor-post-type=\"page\">\n\t\t\t\t<div class=\"elementor-element elementor-element-f8961dc e-flex e-con-boxed e-con e-parent\" data-id=\"f8961dc\" data-element_type=\"container\">\n\t\t\t\t\t<div class=\"e-con-inner\">\n\t\t<div class=\"elementor-element elementor-element-a4cc465 e-flex e-con-boxed e-con e-child\" data-id=\"a4cc465\" data-element_type=\"container\">\n\t\t\t\t\t<div class=\"e-con-inner\">\n\t\t\t\t<div class=\"elementor-element elementor-element-897cb5a elementor-widget elementor-widget-text-editor\" data-id=\"897cb5a\" data-element_type=\"widget\" data-widget_type=\"text-editor.default\">\n\t\t\t\t<div class=\"elementor-widget-container\">\n\t\t\t<style>\/*! elementor - v3.21.0 - 30-04-2024 *\/\n.elementor-widget-text-editor.elementor-drop-cap-view-stacked .elementor-drop-cap{background-color:#69727d;color:#fff}.elementor-widget-text-editor.elementor-drop-cap-view-framed .elementor-drop-cap{color:#69727d;border:3px solid;background-color:transparent}.elementor-widget-text-editor:not(.elementor-drop-cap-view-default) .elementor-drop-cap{margin-top:8px}.elementor-widget-text-editor:not(.elementor-drop-cap-view-default) .elementor-drop-cap-letter{width:1em;height:1em}.elementor-widget-text-editor .elementor-drop-cap{float:left;text-align:center;line-height:1;font-size:50px}.elementor-widget-text-editor .elementor-drop-cap-letter{display:inline-block}<\/style>\t\t\t\t<p style=\"text-align: center;\"><strong>POL\u00cdTICA DE PRIVACIDADE<\/strong><\/p><p style=\"text-align: justify;\">Esta pol\u00edtica se aplica ao processamento de Dados Pessoais (quaisquer informa\u00e7\u00f5es que identifiquem ou possam identificar uma pessoa f\u00edsica) coletados pela Oxxy2 Solu\u00e7\u00f5es Ambientais Ltda, direta ou indiretamente, de todos os indiv\u00edduos, incluindo, mas n\u00e3o limitados aos atuais, futuros ou potenciais candidatos a emprego, colaboradores, profissionais, clientes, fornecedores, parceiros de neg\u00f3cios, s\u00f3cios, subcontratados ou quaisquer terceiros.<\/p><p style=\"text-align: justify;\">Os Dados Pessoais s\u00e3o quaisquer informa\u00e7\u00f5es que identifiquem ou possam identificar uma pessoa f\u00edsica, tais como: nomes, n\u00fameros de documentos de identidade, c\u00f3digos de identifica\u00e7\u00e3o, endere\u00e7os, dentre outros.<\/p><p style=\"text-align: justify;\">Este documento define as regras, os princ\u00edpios e os valores que devem orientar as atitudes, os comportamentos e a tomada de decis\u00f5es de todos os Colaboradores, membros dos Conselhos de Administra\u00e7\u00e3o, da Diretoria Executiva, bem como os ocupantes de fun\u00e7\u00f5es gerenciais, empregados e estagi\u00e1rios, clientes, fornecedores, parceiros de neg\u00f3cios, s\u00f3cios, subcontratados ou quaisquer terceiros respeitando a legisla\u00e7\u00e3o de prote\u00e7\u00e3o de Dados Pessoais, incluindo, mas n\u00e3o se limitando \u00e0 Lei n\u00ba 13.709\/2018 (Lei Geral de Prote\u00e7\u00e3o de Dados &#8211; LGPD) e \u00e0 Lei 13.853\/2019, al\u00e9m das melhores pr\u00e1ticas adotadas em normas internacionais, como o Regulamento Geral de Prote\u00e7\u00e3o de Dados (GDPR) em vigor na Uni\u00e3o Europeia.<\/p><p style=\"text-align: justify;\"><strong>DO TRATAMENTO<\/strong><\/p><p style=\"text-align: justify;\">Toda e qualquer opera\u00e7\u00e3o com dados realizada por pessoa natural ou por pessoa jur\u00eddica de direito p\u00fablico ou privado, como as que se referem \u00e0 coleta, \u00e0 produ\u00e7\u00e3o, \u00e0 recep\u00e7\u00e3o, \u00e0 classifica\u00e7\u00e3o, \u00e0 utiliza\u00e7\u00e3o, ao acesso, \u00e0 reprodu\u00e7\u00e3o, \u00e0 transmiss\u00e3o, \u00e0 distribui\u00e7\u00e3o, ao processamento, ao arquivamento, ao armazenamento, \u00e0 elimina\u00e7\u00e3o, \u00e0 avalia\u00e7\u00e3o ou ao controle da informa\u00e7\u00e3o, \u00e0 modifica\u00e7\u00e3o, \u00e0 comunica\u00e7\u00e3o, \u00e0 transfer\u00eancia, \u00e0 difus\u00e3o ou \u00e0 extra\u00e7\u00e3o.<\/p><p style=\"text-align: justify;\"><strong>DA FINALIDADE<\/strong><\/p><p style=\"text-align: justify;\">Os Dados Pessoais dever\u00e3o ser utilizados apenas para as finalidades leg\u00edtimas e espec\u00edficas \u00e0s quais foram coletados e devidamente informadas aos titulares. \u00c9 vedado qualquer tipo de tratamento incompat\u00edvel com a finalidade espec\u00edfica, bem como para fins discriminat\u00f3rios, n\u00e3o previstos em lei ou abusivos.<\/p><p style=\"text-align: justify;\">S\u00e3o exemplos de finalidade de Tratamento de Dados Pessoais pela Oxxy2: gest\u00e3o de recrutamento, gest\u00e3o de recursos humanos, contabilidade e gest\u00e3o financeira, finan\u00e7as, gest\u00e3o de tesouraria e tribut\u00e1ria, gest\u00e3o de risco, fornecimento de ferramentas de TI ou sites internos e quaisquer outras solu\u00e7\u00f5es digitais ou plataformas colaborativas, gerenciamento de suporte de TI, gerenciamento de sa\u00fade e seguran\u00e7a do trabalho, gerenciamento de seguran\u00e7a de informa\u00e7\u00f5es, gerenciamento de relacionamento com clientes\/parceiros, gerenciamento de vendas e marketing, gerenciamento de suprimentos, comunica\u00e7\u00e3o interna e externa, gest\u00e3o de eventos, cumprimento de obriga\u00e7\u00f5es contra pr\u00e1ticas de corrup\u00e7\u00e3o ou quaisquer outras determina\u00e7\u00f5es legais, opera\u00e7\u00f5es de an\u00e1lise de dados, gest\u00e3o corporativa legal, implementa\u00e7\u00e3o de processos de compliance, entre outros.<\/p><p style=\"text-align: justify;\"><strong>DA ADEQUA\u00c7\u00c3O<\/strong><\/p><p style=\"text-align: justify;\">O Tratamento dos Dados Pessoais somente poder\u00e1 ser realizado se estiver em conformidade com a finalidade espec\u00edfica e de acordo com uma das bases legais previstas na Lei n\u00ba 13.709\/2018, a saber:<\/p><ul style=\"text-align: justify;\"><li>mediante o fornecimento de consentimento pelo titular;<\/li><li>para o cumprimento de obriga\u00e7\u00e3o legal ou regulat\u00f3ria pelo controlador;<\/li><li>para a execu\u00e7\u00e3o de pol\u00edticas p\u00fablicas;<\/li><li>para a realiza\u00e7\u00e3o de estudos por \u00f3rg\u00e3os de pesquisa;<\/li><li>para a execu\u00e7\u00e3o de contrato ou de procedimentos preliminares relacionados a contrato do qual seja parte o titular;<\/li><li>para o exerc\u00edcio regular de direito em processo judicial, administrativo ou judicial;<\/li><li>para a prote\u00e7\u00e3o da vida ou da incolumidade f\u00edsica do titular ou de terceiros;<\/li><li>para a tutela da sa\u00fade;<\/li><li>para atender aos interesses leg\u00edtimos do controlador ou de terceiros;<\/li><li>para a prote\u00e7\u00e3o do cr\u00e9dito, inclusive quanto ao disposto na legisla\u00e7\u00e3o pertinente.<\/li><\/ul><p style=\"text-align: justify;\"><strong>DA MINIMIZA\u00c7\u00c3O<\/strong><\/p><p style=\"text-align: justify;\">Dever\u00e3o ser coletados t\u00e3o somente os Dados Pessoais m\u00ednimos necess\u00e1rios para que se possa atingir a finalidade espec\u00edfica definida em Lei.<\/p><p style=\"text-align: justify;\"><strong>DA PRECIS\u00c3O<\/strong><\/p><p style=\"text-align: justify;\">Os Dados Pessoais ser\u00e3o mantidos pela Oxxy2 com precis\u00e3o e, quando necess\u00e1rio, ser\u00e3o atualizados de acordo com a necessidade e para o cumprimento da finalidade de seu tratamento.<\/p><p style=\"text-align: justify;\"><strong>DA RETEN\u00c7\u00c3O M\u00cdNIMA<\/strong><\/p><p style=\"text-align: justify;\">Os Dados Pessoais dever\u00e3o ser exclu\u00eddos, na medida do poss\u00edvel, da base de dados da Oxxy2 ap\u00f3s o atingimento da finalidade espec\u00edfica.<\/p><p style=\"text-align: justify;\"><strong>DA SEGURAN\u00c7A<\/strong><\/p><p style=\"text-align: justify;\">A Oxxy2 implementa medidas t\u00e9cnicas e administrativas apropriadas para proteger os Dados Pessoais contra altera\u00e7\u00e3o ou perda acidental ou ilegal, bem como do uso, divulga\u00e7\u00e3o ou acesso n\u00e3o autorizado.<\/p><p style=\"text-align: justify;\">Os Colaboradores receber\u00e3o senhas de acesso a diversos instrumentos de trabalho, tais como: acesso a e-mail, intranet, sistemas de controles de pagamentos, sistemas com informa\u00e7\u00f5es de cargos, sal\u00e1rios e benef\u00edcios de Colaboradores, entre tantos outros, conforme a atividade exercida.<\/p><p style=\"text-align: justify;\">Toda senha recebida \u00e9 pessoal e intransfer\u00edvel. Senhas de acesso s\u00e3o concedidas para a pessoa, em demonstra\u00e7\u00e3o de confian\u00e7a, e n\u00e3o podem em nenhuma hip\u00f3tese ser transferidas ou cedidas para que outros as utilizem e tenham acesso a Dados Pessoais, dentre outras informa\u00e7\u00f5es de car\u00e1ter confidencial.<\/p><p style=\"text-align: justify;\">\u00c9 terminantemente vedado, da mesma forma:<\/p><ul style=\"text-align: justify;\"><li>copiar Dados Pessoais para dispositivos de uso pessoal, enviar ou encaminhar Dados Pessoais ou e-mails contendo algum tipo de Dado Pessoal para qualquer pessoa que n\u00e3o tenha sido pr\u00e9via e expressamente autorizada pela Oxxy2 para receber tais Dados Pessoais;<\/li><li>revelar ou publicar qualquer Dado Pessoal de Colaboradores ou de Terceiros por meio dos Recursos de Computa\u00e7\u00e3o e Comunica\u00e7\u00e3o;<\/li><li>procurar, visualizar ou salvar nos recursos de computa\u00e7\u00e3o, tais como computadores, telefone, e-mail, confer\u00eancia de v\u00eddeo, sistemas e qualquer tipo de documento que contenha Dados Pessoais, mensagens de voz ou de texto ou e-mails que contenham Dados Pessoais, sem um objetivo leg\u00edtimo de acordo com seu escopo de trabalho;<\/li><li>fornecer ou utilizar senhas pessoais de terceiros ou de outro Colaborador.<\/li><\/ul><p style=\"text-align: justify;\"><strong>DA DIVULGA\u00c7\u00c3O<\/strong><\/p><p style=\"text-align: justify;\">No curso normal de seus neg\u00f3cios a Oxxy2 poder\u00e1 compartilhar Dados Pessoais com Colaboradores devidamente autorizados e Terceiros para maximizar a qualidade e a efici\u00eancia de seus servi\u00e7os e opera\u00e7\u00f5es comerciais.<\/p><p style=\"text-align: justify;\">A Oxxy2 tamb\u00e9m poder\u00e1 ser obrigada a divulgar Dados Pessoais a Autoridades Governamentais, tribunais e ag\u00eancias governamentais quando exigido por lei, regulamento ou processo legal, ou defender os interesses, direitos ou propriedade da Oxxy2 ou de terceiros relacionados.<\/p><p style=\"text-align: justify;\">A Oxxy2 n\u00e3o compartilhar\u00e1 Dados Pessoais com outras pessoas, f\u00edsicas ou jur\u00eddicas, a menos que o respectivo titular solicite ou tenha dado aprova\u00e7\u00e3o pr\u00e9via para tal compartilhamento.<\/p><p style=\"text-align: justify;\"><strong>DA ANONIMIZA\u00c7\u00c3O<\/strong><\/p><p style=\"text-align: justify;\">A Oxxy2 \u00e9 uma empresa comprometida com a preserva\u00e7\u00e3o da intimidade, privacidade e imagem do titular de Dados Pessoais. Dessa forma, sempre que poss\u00edvel os Dados Pessoais dever\u00e3o ser convertidos em Dados Anonimizados.<\/p><p style=\"text-align: justify;\"><strong>DO CONSENTIMENTO<\/strong><\/p><p style=\"text-align: justify;\">O consentimento, uma das bases legais para o tratamento de Dados Pessoais, dever\u00e1 ser obtido pela manifesta\u00e7\u00e3o livre, informada e inequ\u00edvoca do titular, que dever\u00e1 concordar com o Tratamento para uma finalidade determinada e espec\u00edfica.<\/p><p style=\"text-align: justify;\">A Oxxy2 n\u00e3o dar\u00e1 tratamento diverso daquele informado e, se alteradas as finalidades iniciais, deve ser obtido um novo consentimento do titular.<\/p><p style=\"text-align: justify;\"><strong>DOS DADOS DE CRIAN\u00c7AS E ADOLESCENTES<\/strong><\/p><p style=\"text-align: justify;\">O Tratamento de Dados Pessoais relativos a crian\u00e7as e adolescentes ser\u00e1 realizado pela Oxxy2 \u00fanica e exclusivamente para o oferecimento de servi\u00e7os ou benef\u00edcios diretamente a uma crian\u00e7a ou adolescente, desde que obtido o consentimento espec\u00edfico, pr\u00e9vio, expresso e em destaque de pelo menos um dos pais ou do respons\u00e1vel legal, nos termos da legisla\u00e7\u00e3o aplic\u00e1vel.<\/p><p style=\"text-align: justify;\"><strong>DOS DADOS SENS\u00cdVEIS<\/strong><\/p><p style=\"text-align: justify;\">Os Dados Sens\u00edveis s\u00f3 poder\u00e3o ser submetidos a Tratamento mediante consentimento espec\u00edfico e destacado do titular, para finalidades espec\u00edficas.<\/p><p style=\"text-align: justify;\">A n\u00e3o ser quando necess\u00e1rio para cumprimento de obriga\u00e7\u00e3o legal ou regulat\u00f3ria; exerc\u00edcio regular de direitos, inclusive em \u00e2mbito administrativo, judicial ou arbitral; ou garantia de prote\u00e7\u00e3o \u00e0 fraude e \u00e0 seguran\u00e7a do titular, a Oxxy2 n\u00e3o tratar\u00e1 qualquer tipo de Dado Sens\u00edvel.<\/p><p style=\"text-align: justify;\"><strong>DOS DIREITOS DOS TITULARES<\/strong><\/p><p style=\"text-align: justify;\">A Oxxy2 est\u00e1 comprometida em garantir a prote\u00e7\u00e3o dos Dados Pessoais de acordo com as leis aplic\u00e1veis. Seguem abaixo os direitos dos titulares de dados pessoais:<\/p><ul style=\"text-align: justify;\"><li><strong>Confirma\u00e7\u00e3o da exist\u00eancia de tratamento de dados pessoais:<\/strong>\u00a0Mediante requisi\u00e7\u00e3o do Cliente, a Oxxy2 conceder\u00e1 a confirma\u00e7\u00e3o da exist\u00eancia de tratamento de dados pessoais, nos termos da legisla\u00e7\u00e3o aplic\u00e1vel;<\/li><li><strong>Acesso aos dados pessoais:<\/strong>\u00a0Voc\u00ea pode requisitar acesso aos seus dados pessoais coletados e que estejam armazenados pela Oxxy2;<\/li><li><strong>Corre\u00e7\u00e3o de dados incompletos, inexatos ou desatualizados:<\/strong>\u00a0Voc\u00ea poder\u00e1, a qualquer momento, alterar e editar os seus dados pessoais, por meio de envio de um e-mail;<\/li><li><strong>Informa\u00e7\u00f5es sobre uso compartilhado de dados:<\/strong>\u00a0Voc\u00ea poder\u00e1 ter acesso a informa\u00e7\u00f5es sobre o eventual compartilhamento de seus dados pessoais, nos termos do estabelecido na presente Pol\u00edtica;<\/li><li><strong>Revoga\u00e7\u00e3o do consentimento:<\/strong>\u00a0Voc\u00ea poder\u00e1 revogar o consentimento que eventualmente tenha dado a Oxxy2 para tratamento dos seus dados pessoais, a qualquer momento, mediante manifesta\u00e7\u00e3o expressa. Importante informar que o pedido de revoga\u00e7\u00e3o n\u00e3o implicar\u00e1 a elimina\u00e7\u00e3o dos dados pessoais anteriormente tratados ou que sejam mantidos pela Oxxy2 com base em outros fundamentos legais;<\/li><li><strong>Direito de apresentar uma queixa ao respons\u00e1vel competente:<\/strong>\u00a0Se o titular tiver uma reclama\u00e7\u00e3o relacionada \u00e0 privacidade contra a Oxxy2 dever\u00e1 entrar em contato com o Encarregado de Dados Pessoais da Oxxy2.<\/li><\/ul><p style=\"text-align: justify;\"><strong>DA TRANSFER\u00caNCIA INTERNACIONAL DE DADOS PESSOAIS<\/strong><\/p><p style=\"text-align: justify;\">A Oxxy2 poder\u00e1 compartilhar seus dados pessoais internacionalmente com terceiros e parceiros de neg\u00f3cios, que sejam relevantes para fins de viabilizar a presta\u00e7\u00e3o dos servi\u00e7os aos Usu\u00e1rios, nos termos da legisla\u00e7\u00e3o aplic\u00e1vel, com a finalidade espec\u00edfica de prestar servi\u00e7os \u00e0 Oxxy2. Em todos os casos em que haja transfer\u00eancia internacional de seus dados, a Oxxy2 se compromete a tomar todas as medidas necess\u00e1rias para a seguran\u00e7a e prote\u00e7\u00e3o de seus dados pessoais.<\/p><p style=\"text-align: justify;\"><strong>DO ENCARREGADO DE DADOS PESSOAIS<\/strong><\/p><p style=\"text-align: justify;\">A Oxxy2 nomear\u00e1 um Colaborador ou um Terceiro como Encarregado de Dados Pessoais, que ter\u00e1 as atribui\u00e7\u00f5es definidas na Lei n\u00ba 13.709\/2018 e nesta Pol\u00edtica.<\/p><p style=\"text-align: justify;\"><strong>DOS PROCEDIMENTOS NO CASO DE VIOLA\u00c7\u00c3O DE DADOS PESSOAIS<\/strong><\/p><p style=\"text-align: justify;\">Qualquer Viola\u00e7\u00e3o de Dados ou possibilidade de viola\u00e7\u00e3o dever\u00e1 ser urgente e imediatamente informada ao Encarregado de Dados Pessoais, por meio do e-mail hello@oxxy2.com, o qual ficar\u00e1 respons\u00e1vel por proceder \u00e0 an\u00e1lise inicial e \u00e0 ado\u00e7\u00e3o das medidas de preven\u00e7\u00e3o e corre\u00e7\u00e3o imediatas, necess\u00e1rias para preserva\u00e7\u00e3o da seguran\u00e7a de dados e informa\u00e7\u00f5es.<\/p><p style=\"text-align: justify;\">O Encarregado de Dados Pessoais elaborar\u00e1 um relat\u00f3rio de ocorr\u00eancia, detalhando os fatos e as medidas protetivas e corretivas adotadas em car\u00e1ter emergencial. Com base nesse relat\u00f3rio ser\u00e1 instaurado o procedimento interno de investiga\u00e7\u00e3o para identifica\u00e7\u00e3o de potenciais viola\u00e7\u00f5es \u00e0s regras de seguran\u00e7a da informa\u00e7\u00e3o, bem como feita a avalia\u00e7\u00e3o da efic\u00e1cia das medidas adotadas em car\u00e1ter emergencial e das provid\u00eancias necess\u00e1rias a serem adotadas junto aos \u00f3rg\u00e3os internos e externos. Os Terceiros que eventualmente armazenarem ou processarem Dados Pessoais em nome da Oxxy2 dever\u00e3o, em caso de Viola\u00e7\u00e3o de Dados ou de possibilidade de Viola\u00e7\u00e3o de Dados, notificar imediatamente a Oxxy2, identificando os Dados Pessoais que foram ou possam ter sido comprometidos, e seguindo as orienta\u00e7\u00f5es da Oxxy2 acerca dos procedimentos a serem tomados.<\/p><p style=\"text-align: justify;\">No caso de Viola\u00e7\u00e3o de Dados que envolva Dados Pessoais, o Encarregado de Dados Pessoais dever\u00e1 avaliar a necessidade de notifica\u00e7\u00e3o da Viola\u00e7\u00e3o de Dados \u00e0s Autoridades Governamentais competentes, conforme o caso, especialmente pela possibilidade de a viola\u00e7\u00e3o causar danos ou riscos para os direitos e as liberdades de indiv\u00edduos.<\/p><p style=\"text-align: justify;\">Ser\u00e1 de responsabilidade do Encarregado de Dados Pessoais manter registro com informa\u00e7\u00f5es de quaisquer Viola\u00e7\u00f5es de Dados Pessoais, incluindo os seus efeitos e as a\u00e7\u00f5es tomadas pela Oxxy2 em rela\u00e7\u00e3o a elas. Tal registro dever\u00e1 estar sempre dispon\u00edvel para verifica\u00e7\u00e3o por Autoridades Governamentais, nos termos da legisla\u00e7\u00e3o.<\/p><p style=\"text-align: justify;\"><strong>DO DESCUMPRIMENTO<\/strong><\/p><p style=\"text-align: justify;\">A viola\u00e7\u00e3o de quaisquer determina\u00e7\u00f5es descritas nesta Pol\u00edtica poder\u00e1 acarretar a\u00e7\u00f5es disciplinares descritas nas demais normas e pol\u00edticas da Oxxy2, bem como em san\u00e7\u00f5es nos termos da legisla\u00e7\u00e3o vigente. Para a aplica\u00e7\u00e3o de quaisquer a\u00e7\u00f5es disciplinares e\/ou san\u00e7\u00f5es, a Oxxy2 levar\u00e1 em conta a gravidade da viola\u00e7\u00e3o, o dano e\/ou o preju\u00edzo efetivamente causado, e o grau de culpa ou m\u00e1-f\u00e9 do Colaborador ou Terceiro respons\u00e1vel.<\/p><p style=\"text-align: justify;\"><strong>DA VIG\u00caNCIA<\/strong><\/p><p style=\"text-align: justify;\">Esta Pol\u00edtica entra em vigor a partir da data de sua publica\u00e7\u00e3o e continuar\u00e1 v\u00e1lida at\u00e9 que haja sua revoga\u00e7\u00e3o ou inclus\u00e3o de novas determina\u00e7\u00f5es.<\/p><p style=\"text-align: justify;\"><strong>DA APLICA\u00c7\u00c3O E ALTERA\u00c7\u00d5ES<\/strong><\/p><p style=\"text-align: justify;\">Esta Pol\u00edtica de Privacidade aplica-se a todos os nossos servi\u00e7os. Essa Pol\u00edtica de Prote\u00e7\u00e3o de Dados Pessoais pode passar por atualiza\u00e7\u00f5es. Desta forma, recomendamos visitar periodicamente esta p\u00e1gina para que voc\u00ea tenha conhecimento sobre as modifica\u00e7\u00f5es.<\/p><p style=\"text-align: justify;\"><strong>DAS D\u00daVIDAS E RECLAMA\u00c7\u00d5ES<\/strong><\/p><p style=\"text-align: justify;\">A presente Pol\u00edtica deve ser lida e interpretada em conjunto com o C\u00f3digo de \u00c9tica e Conduta Organizacional Oxxy2 e deve ser utilizada como mecanismo de consulta em caso de d\u00favida a respeito de condutas internas, comerciais e contatos com seus concorrentes, parceiros, terceiros e autoridades governamentais.<\/p><p style=\"text-align: justify;\">Em caso de perguntas, d\u00favidas ou solicita\u00e7\u00f5es, favor entrar em contato com o DPO da Oxxy2, atrav\u00e9s do e-mail hello@oxxy2.com ou via correio, no endere\u00e7o: Av Candido de Abreu, n\u00ba 526, 3\u00ba andar, Centro C\u00edvico, CEP 80530-905, Cidade de Curitiba, Estado do Paran\u00e1, Brasil.<\/p><p style=\"text-align: justify;\">Pol\u00edtica aprovada pela Oxxy2 em reuni\u00e3o realizada em 30 de julho de 2024.<\/p>\t\t\t\t\t\t<\/div>\n\t\t\t\t<\/div>\n\t\t\t\t\t<\/div>\n\t\t\t\t<\/div>\n\t\t\t\t\t<\/div>\n\t\t\t\t<\/div>\n\t\t\t\t<\/div>\n\t\t","protected":false},"excerpt":{"rendered":"<p>POL\u00cdTICA DE PRIVACIDADE Esta pol\u00edtica se aplica ao processamento de Dados Pessoais (quaisquer informa\u00e7\u00f5es que identifiquem ou possam identificar uma pessoa f\u00edsica) coletados pela Oxxy2 Solu\u00e7\u00f5es Ambientais Ltda, direta ou indiretamente, de todos os indiv\u00edduos, incluindo, mas n\u00e3o limitados aos atuais, futuros ou potenciais candidatos a emprego, colaboradores, profissionais, clientes, fornecedores, parceiros de neg\u00f3cios, s\u00f3cios, subcontratados ou quaisquer terceiros. Os [&hellip;]<\/p>\n","protected":false},"author":1,"featured_media":0,"parent":0,"menu_order":0,"comment_status":"closed","ping_status":"closed","template":"elementor_header_footer","meta":{"_acf_changed":false,"footnotes":""},"class_list":["post-3610","page","type-page","status-publish","hentry"],"acf":[],"_links":{"self":[{"href":"https:\/\/oxxy2.com\/pt\/wp-json\/wp\/v2\/pages\/3610","targetHints":{"allow":["GET"]}}],"collection":[{"href":"https:\/\/oxxy2.com\/pt\/wp-json\/wp\/v2\/pages"}],"about":[{"href":"https:\/\/oxxy2.com\/pt\/wp-json\/wp\/v2\/types\/page"}],"author":[{"embeddable":true,"href":"https:\/\/oxxy2.com\/pt\/wp-json\/wp\/v2\/users\/1"}],"replies":[{"embeddable":true,"href":"https:\/\/oxxy2.com\/pt\/wp-json\/wp\/v2\/comments?post=3610"}],"version-history":[{"count":28,"href":"https:\/\/oxxy2.com\/pt\/wp-json\/wp\/v2\/pages\/3610\/revisions"}],"predecessor-version":[{"id":3638,"href":"https:\/\/oxxy2.com\/pt\/wp-json\/wp\/v2\/pages\/3610\/revisions\/3638"}],"wp:attachment":[{"href":"https:\/\/oxxy2.com\/pt\/wp-json\/wp\/v2\/media?parent=3610"}],"curies":[{"name":"wp","href":"https:\/\/api.w.org\/{rel}","templated":true}]}}